{"id":3,"date":"2023-08-11T02:41:39","date_gmt":"2023-08-11T00:41:39","guid":{"rendered":"https:\/\/experienciasoutdoor.com.mx\/?page_id=3"},"modified":"2023-09-08T20:50:50","modified_gmt":"2023-09-09T01:50:50","slug":"politica-de-privacidad","status":"publish","type":"page","link":"https:\/\/experienciasoutdoor.com.mx\/index.php\/politica-de-privacidad\/","title":{"rendered":"Pol\u00edtica de privacidad"},"content":{"rendered":"\n<h3 class=\"wp-block-heading\">Qui\u00e9nes somos<\/h3>\n\n\n\n<p>Pol\u00edtica de privacidad, nuestra web es: https:\/\/experienciasoutdoor.com.mx, somos una empresa dedicada a la promoci\u00f3n de productos para su venta a trav\u00e9s de la web, ponemos a tu disposici\u00f3n nuestra Pol\u00edtica de privacidad para que sepas como cuidamos tus datos y tu seguridad. <\/p>\n\n\n\n<p>En Experiencias outdoor, nos tomamos muy en serio la privacidad de nuestros usuarios. Esta Pol\u00edtica de Privacidad describe c\u00f3mo recopilamos, utilizamos, almacenamos y protegemos la informaci\u00f3n personal proporcionada por nuestros usuarios a trav\u00e9s de nuestro sitio web.<\/p>\n\n\n\n<h3 class=\"wp-block-heading\">Recopilaci\u00f3n de informaci\u00f3n personal<\/h3>\n\n\n\n<p>Cuando accedes y utilizas nuestra p\u00e1gina web, podemos recopilar informaci\u00f3n personal que nos proporcionas directamente, como tu nombre, direcci\u00f3n de correo electr\u00f3nico, n\u00famero de tel\u00e9fono y direcci\u00f3n postal, con el fin de procesar tus pedidos y brindar un servicio de atenci\u00f3n al cliente eficiente. Tambi\u00e9n podemos recopilar informaci\u00f3n de forma autom\u00e1tica, como tu direcci\u00f3n IP, tipo de navegador y dispositivo utilizado.<\/p>\n\n\n\n<h3 class=\"wp-block-heading\">Uso de la informaci\u00f3n personal<\/h3>\n\n\n\n<p>La informaci\u00f3n personal recopilada se utiliza principalmente para los siguientes prop\u00f3sitos:<\/p>\n\n\n\n<ol class=\"wp-block-list\" type=\"1\" start=\"1\">\n<li>Procesamiento de pedidos: Utilizaremos la informaci\u00f3n personal para procesar y completar las transacciones que realices a trav\u00e9s de nuestra p\u00e1gina web y para comunicarnos contigo sobre el estado de tus pedidos.<\/li>\n\n\n\n<li>Atenci\u00f3n al cliente: Si tienes alguna pregunta, comentario o inquietud, utilizaremos tu informaci\u00f3n personal para ayudarte y brindarte el mejor servicio posible.<\/li>\n\n\n\n<li>Marketing y comunicaciones: Si otorgas tu consentimiento, utilizaremos tu informaci\u00f3n personal para enviarte comunicaciones sobre nuevos productos, promociones u ofertas especiales que consideremos sean de tu inter\u00e9s. Puedes optar por no recibir estas comunicaciones en cualquier momento.<\/li>\n\n\n\n<li>Mejora de nuestro sitio web y servicios: Utilizamos la informaci\u00f3n recopilada para analizar tendencias, hacer mejoras en nuestra p\u00e1gina web y personalizar tu experiencia como usuario.<\/li>\n<\/ol>\n\n\n\n<h3 class=\"wp-block-heading\">Divulgaci\u00f3n de informaci\u00f3n personal<\/h3>\n\n\n\n<p>No vendemos, alquilamos ni divulgamos tu informaci\u00f3n personal a terceros sin tu consentimiento, excepto en los siguientes casos:<\/p>\n\n\n\n<ol class=\"wp-block-list\" type=\"1\" start=\"1\">\n<li>Proveedores de servicios: Podemos compartir tu informaci\u00f3n personal con terceros proveedores de servicios que nos asisten en diversas actividades comerciales, como la gesti\u00f3n de pagos, el env\u00edo de productos y el an\u00e1lisis del sitio web.<\/li>\n\n\n\n<li>Requisitos legales: Podemos divulgar tu informaci\u00f3n personal si as\u00ed lo exige la ley o si consideramos de buena fe que es necesario hacerlo para cumplir con cualquier proceso legal en curso, proteger nuestros derechos legales o responder a cualquier reclamaci\u00f3n de terceros.<\/li>\n<\/ol>\n\n\n\n<h3 class=\"wp-block-heading\">Seguridad de la informaci\u00f3n<\/h3>\n\n\n\n<p>Nos comprometemos a proteger la informaci\u00f3n personal que recopilamos y hemos implementado medidas de seguridad adecuadas para protegerla contra accesos no autorizados, uso indebido, divulgaci\u00f3n o destrucci\u00f3n.<\/p>\n","protected":false},"excerpt":{"rendered":"<p>Qui\u00e9nes somos Pol\u00edtica de privacidad, nuestra web es: https:\/\/experienciasoutdoor.com.mx, somos una empresa dedicada a la promoci\u00f3n de productos para su venta a trav\u00e9s de la web, ponemos a tu disposici\u00f3n nuestra Pol\u00edtica de privacidad para que sepas como cuidamos tus datos y tu seguridad. En Experiencias outdoor, nos tomamos muy en serio la privacidad de &hellip;<\/p>\n<p class=\"read-more\"> <a class=\"\" href=\"https:\/\/experienciasoutdoor.com.mx\/index.php\/politica-de-privacidad\/\"> <span class=\"screen-reader-text\">Pol\u00edtica de privacidad<\/span> Leer m\u00e1s &raquo;<\/a><\/p>\n","protected":false},"author":1,"featured_media":0,"parent":0,"menu_order":0,"comment_status":"closed","ping_status":"open","template":"","meta":{"site-sidebar-layout":"default","site-content-layout":"default","ast-global-header-display":"","ast-banner-title-visibility":"","ast-main-header-display":"","ast-hfb-above-header-display":"","ast-hfb-below-header-display":"","ast-hfb-mobile-header-display":"","site-post-title":"","ast-breadcrumbs-content":"","ast-featured-img":"","footer-sml-layout":"","theme-transparent-header-meta":"","adv-header-id-meta":"","stick-header-meta":"","header-above-stick-meta":"","header-main-stick-meta":"","header-below-stick-meta":"","_joinchat":[],"footnotes":""},"class_list":["post-3","page","type-page","status-publish","hentry"],"_links":{"self":[{"href":"https:\/\/experienciasoutdoor.com.mx\/index.php\/wp-json\/wp\/v2\/pages\/3","targetHints":{"allow":["GET"]}}],"collection":[{"href":"https:\/\/experienciasoutdoor.com.mx\/index.php\/wp-json\/wp\/v2\/pages"}],"about":[{"href":"https:\/\/experienciasoutdoor.com.mx\/index.php\/wp-json\/wp\/v2\/types\/page"}],"author":[{"embeddable":true,"href":"https:\/\/experienciasoutdoor.com.mx\/index.php\/wp-json\/wp\/v2\/users\/1"}],"replies":[{"embeddable":true,"href":"https:\/\/experienciasoutdoor.com.mx\/index.php\/wp-json\/wp\/v2\/comments?post=3"}],"version-history":[{"count":5,"href":"https:\/\/experienciasoutdoor.com.mx\/index.php\/wp-json\/wp\/v2\/pages\/3\/revisions"}],"predecessor-version":[{"id":479,"href":"https:\/\/experienciasoutdoor.com.mx\/index.php\/wp-json\/wp\/v2\/pages\/3\/revisions\/479"}],"wp:attachment":[{"href":"https:\/\/experienciasoutdoor.com.mx\/index.php\/wp-json\/wp\/v2\/media?parent=3"}],"curies":[{"name":"wp","href":"https:\/\/api.w.org\/{rel}","templated":true}]}}