{"id":222,"date":"2023-08-15T20:08:45","date_gmt":"2023-08-16T01:08:45","guid":{"rendered":"https:\/\/experienciasoutdoor.com.mx\/?page_id=222"},"modified":"2023-09-07T15:53:19","modified_gmt":"2023-09-07T20:53:19","slug":"termos-para-tus-caminatas","status":"publish","type":"page","link":"https:\/\/experienciasoutdoor.com.mx\/index.php\/termos-para-tus-caminatas\/","title":{"rendered":"Termos"},"content":{"rendered":"\n<div class=\"wp-block-columns is-layout-flex wp-container-core-columns-is-layout-28f84493 wp-block-columns-is-layout-flex\">\n<div class=\"wp-block-column is-layout-flow wp-block-column-is-layout-flow\">\n<figure class=\"wp-block-image size-full is-resized\"><a href=\"https:\/\/amzn.to\/47M9PZv\" target=\"_blank\" rel=\"noopener\"><img loading=\"lazy\" decoding=\"async\" src=\"https:\/\/experienciasoutdoor.com.mx\/wp-content\/uploads\/2023\/08\/TERMO.jpg\" alt=\"\" class=\"wp-image-318\" style=\"width:282px;height:282px\" width=\"282\" height=\"282\" srcset=\"https:\/\/experienciasoutdoor.com.mx\/wp-content\/uploads\/2023\/08\/TERMO.jpg 1000w, https:\/\/experienciasoutdoor.com.mx\/wp-content\/uploads\/2023\/08\/TERMO-300x300.jpg 300w, https:\/\/experienciasoutdoor.com.mx\/wp-content\/uploads\/2023\/08\/TERMO-150x150.jpg 150w, https:\/\/experienciasoutdoor.com.mx\/wp-content\/uploads\/2023\/08\/TERMO-768x768.jpg 768w\" sizes=\"auto, (max-width: 282px) 100vw, 282px\" \/><\/a><\/figure>\n\n\n\n<p class=\"has-text-align-center\"><strong>TERMO EASYTAO<\/strong><\/p>\n\n\n\n<p>Termos como el EASYTAO es un producto de alta calidad que cumple con todas las expectativas de los usuarios, con una capacidad de 500 ml y est\u00e1 fabricada con acero inoxidable de grado alimenticio, lo que garantiza su durabilidad y resistencia puede mantener las bebidas fr\u00edas durante 6 horas y calientes durante 6 horas, gracias a su sistema de vac\u00edo aislado de doble pared.\u00a0\u00a0 <\/p>\n\n\n\n<p>Cuenta con un dise\u00f1o ergon\u00f3mico y ligero, lo que la hace f\u00e1cil de transportar y manipular. Tambi\u00e9n cuenta con una tapa a prueba de derrames, lo que evita cualquier tipo de accidente o goteo. Su acabado en pintura de alta calidad le brinda un aspecto elegante y sofisticado. Y es f\u00e1cil de limpiar, ya que se puede desmontar por completo. Sus materiales de alta calidad no absorben olores ni sabores, lo que garantiza la pureza de las bebidas.<\/p>\n\n\n\n<div class=\"wp-block-buttons is-layout-flex wp-block-buttons-is-layout-flex\">\n<div class=\"wp-block-button\"><a class=\"wp-block-button__link wp-element-button\" href=\"https:\/\/amzn.to\/47M9PZv\" target=\"_blank\" rel=\"noopener\">Ver producto<\/a><\/div>\n<\/div>\n<\/div>\n\n\n\n<div class=\"wp-block-column is-layout-flow wp-block-column-is-layout-flow\">\n<figure class=\"wp-block-image size-large is-resized\"><a href=\"https:\/\/amzn.to\/3qPDX5K\" target=\"_blank\" rel=\"noopener\"><img loading=\"lazy\" decoding=\"async\" src=\"https:\/\/experienciasoutdoor.com.mx\/wp-content\/uploads\/2023\/08\/BOTELLA-TERMICA-1024x1019.jpg\" alt=\"\" class=\"wp-image-320\" style=\"width:277px;height:276px\" width=\"277\" height=\"276\" srcset=\"https:\/\/experienciasoutdoor.com.mx\/wp-content\/uploads\/2023\/08\/BOTELLA-TERMICA-1024x1019.jpg 1024w, https:\/\/experienciasoutdoor.com.mx\/wp-content\/uploads\/2023\/08\/BOTELLA-TERMICA-300x298.jpg 300w, https:\/\/experienciasoutdoor.com.mx\/wp-content\/uploads\/2023\/08\/BOTELLA-TERMICA-150x150.jpg 150w, https:\/\/experienciasoutdoor.com.mx\/wp-content\/uploads\/2023\/08\/BOTELLA-TERMICA-768x764.jpg 768w, https:\/\/experienciasoutdoor.com.mx\/wp-content\/uploads\/2023\/08\/BOTELLA-TERMICA.jpg 1500w\" sizes=\"auto, (max-width: 277px) 100vw, 277px\" \/><\/a><\/figure>\n\n\n\n<p class=\"has-text-align-center\"><strong>HISEMY TERMO 1100 ML<\/strong><\/p>\n\n\n\n<p>La botella t\u00e9rmica Hisemy de 1100 ml es ideal para mantener tus bebidas fr\u00edas o calientes durante mucho tiempo. Est\u00e1 fabricada en acero inoxidable de alta calidad y no contiene BPA, lo que la hace segura para uso alimenticio. Su dise\u00f1o moderno y elegante la hace perfecta para llevarla contigo a la oficina, al gimnasio, de excursi\u00f3n, etc. Adem\u00e1s, cuenta con una tapa herm\u00e9tica que evita derrames y fugas. Con esta botella t\u00e9rmica, podr\u00e1s disfrutar de tus bebidas favoritas en cualquier momento y lugar<\/p>\n\n\n\n<div class=\"wp-block-buttons is-layout-flex wp-block-buttons-is-layout-flex\">\n<div class=\"wp-block-button\"><a class=\"wp-block-button__link wp-element-button\" href=\"https:\/\/amzn.to\/3qPDX5K\" target=\"_blank\" rel=\"noopener\">Ver producto<\/a><\/div>\n<\/div>\n<\/div>\n\n\n\n<div class=\"wp-block-column is-layout-flow wp-block-column-is-layout-flow\">\n<figure class=\"wp-block-image size-large is-resized\"><a href=\"https:\/\/amzn.to\/3QWwJr9\" target=\"_blank\" rel=\"noopener\"><img loading=\"lazy\" decoding=\"async\" src=\"https:\/\/experienciasoutdoor.com.mx\/wp-content\/uploads\/2023\/08\/TERMO-2-TAPAS-963x1024.jpg\" alt=\"\" class=\"wp-image-321\" style=\"width:248px;height:264px\" width=\"248\" height=\"264\" srcset=\"https:\/\/experienciasoutdoor.com.mx\/wp-content\/uploads\/2023\/08\/TERMO-2-TAPAS-963x1024.jpg 963w, https:\/\/experienciasoutdoor.com.mx\/wp-content\/uploads\/2023\/08\/TERMO-2-TAPAS-282x300.jpg 282w, https:\/\/experienciasoutdoor.com.mx\/wp-content\/uploads\/2023\/08\/TERMO-2-TAPAS-768x817.jpg 768w, https:\/\/experienciasoutdoor.com.mx\/wp-content\/uploads\/2023\/08\/TERMO-2-TAPAS.jpg 1096w\" sizes=\"auto, (max-width: 248px) 100vw, 248px\" \/><\/a><\/figure>\n\n\n\n<p class=\"has-text-align-center\"><strong>TERMOS EASYTAO 2 TAPAS<\/strong><\/p>\n\n\n\n<p>El Termo de Acero Inoxidable ET EASYTAO es un excelente producto para mantener tus bebidas fr\u00edas o calientes durante largas horas. Su dise\u00f1o y construcci\u00f3n de acero inoxidable garantizan su durabilidad y resistencia. Cabe destacar a este termo es que viene con 2 tapas diferentes, una de ellas con funci\u00f3n de pajita(popote) y la otra convencional. <\/p>\n\n\n\n<p>Esto brinda mayor versatilidad de uso, ya que puedes elegir la tapa que m\u00e1s se adapte a tus necesidades, tiene una capacidad de 500 ml, lo cual es suficiente para llevar contigo la cantidad de l\u00edquido necesaria para hidratarte durante el d\u00eda. Adem\u00e1s, su tama\u00f1o compacto lo hace f\u00e1cil de transportar en tu bolso o mochila. Y adem\u00e1s puede mantener tus bebidas fr\u00edas durante 24 horas, ideal para mantener fresca el agua en d\u00edas calurosos, y mantener tus bebidas calientes durante 12 horas, perfecto para disfrutar de tu caf\u00e9 o t\u00e9 a la temperatura adecuada.<\/p>\n\n\n\n<div class=\"wp-block-buttons is-layout-flex wp-block-buttons-is-layout-flex\">\n<div class=\"wp-block-button\"><a class=\"wp-block-button__link wp-element-button\" href=\"https:\/\/amzn.to\/3QWwJr9\" target=\"_blank\" rel=\"noopener\">Ver producto<\/a><\/div>\n<\/div>\n<\/div>\n<\/div>\n\n\n\n<div class=\"wp-block-columns is-layout-flex wp-container-core-columns-is-layout-28f84493 wp-block-columns-is-layout-flex\">\n<div class=\"wp-block-column is-layout-flow wp-block-column-is-layout-flow\">\n<figure class=\"wp-block-image size-large is-resized\"><a href=\"https:\/\/amzn.to\/45pZi4I\" target=\"_blank\" rel=\"noopener\"><img loading=\"lazy\" decoding=\"async\" src=\"https:\/\/experienciasoutdoor.com.mx\/wp-content\/uploads\/2023\/08\/VASO-BUBBA-337x1024.jpg\" alt=\"\" class=\"wp-image-325\" style=\"width:99px;height:300px\" width=\"99\" height=\"300\" srcset=\"https:\/\/experienciasoutdoor.com.mx\/wp-content\/uploads\/2023\/08\/VASO-BUBBA-337x1024.jpg 337w, https:\/\/experienciasoutdoor.com.mx\/wp-content\/uploads\/2023\/08\/VASO-BUBBA-99x300.jpg 99w, https:\/\/experienciasoutdoor.com.mx\/wp-content\/uploads\/2023\/08\/VASO-BUBBA.jpg 493w\" sizes=\"auto, (max-width: 99px) 100vw, 99px\" \/><\/a><\/figure>\n\n\n\n<p class=\"has-text-align-center\"><strong>VASO BUBBA BRAND<\/strong><\/p>\n\n\n\n<p>El vaso al vac\u00edo Bubba Brands Bubba de 24 onzas en color rosa es una excelente opci\u00f3n para aquellos que buscan una botella duradera y de gran capacidad para mantener sus bebidas fr\u00edas o calientes durante largo tiempo, construida en acero inoxidable de alta calidad, que asegura la resistencia y durabilidad del producto. Adem\u00e1s, est\u00e1 dise\u00f1ado con una doble pared que ayuda a mantener la temperatura de las bebidas por varias horas, ya sea caliente o fr\u00eda.<\/p>\n\n\n\n<p>El tama\u00f1o de 24 onzas es ideal para aquellos que necesitan una gran cantidad de l\u00edquido para mantenerse hidratados durante el d\u00eda. Tambi\u00e9n cuenta con una tapa herm\u00e9tica a prueba de derrames, lo que lo hace perfecto para llevarlo cuando practicamos deportes o actividades al aire libre.<\/p>\n\n\n\n<div class=\"wp-block-buttons is-layout-flex wp-block-buttons-is-layout-flex\">\n<div class=\"wp-block-button\"><a class=\"wp-block-button__link wp-element-button\" href=\"https:\/\/amzn.to\/45pZi4I\" target=\"_blank\" rel=\"noopener\">Ver producto<\/a><\/div>\n<\/div>\n<\/div>\n\n\n\n<div class=\"wp-block-column is-layout-flow wp-block-column-is-layout-flow\">\n<figure class=\"wp-block-image size-full\"><a href=\"https:\/\/amzn.to\/3YNFyWd\" target=\"_blank\" rel=\"noopener\"><img loading=\"lazy\" decoding=\"async\" width=\"918\" height=\"911\" src=\"https:\/\/experienciasoutdoor.com.mx\/wp-content\/uploads\/2023\/08\/VASO-EASYTAO.jpg\" alt=\"\" class=\"wp-image-326\" srcset=\"https:\/\/experienciasoutdoor.com.mx\/wp-content\/uploads\/2023\/08\/VASO-EASYTAO.jpg 918w, https:\/\/experienciasoutdoor.com.mx\/wp-content\/uploads\/2023\/08\/VASO-EASYTAO-300x298.jpg 300w, https:\/\/experienciasoutdoor.com.mx\/wp-content\/uploads\/2023\/08\/VASO-EASYTAO-150x150.jpg 150w, https:\/\/experienciasoutdoor.com.mx\/wp-content\/uploads\/2023\/08\/VASO-EASYTAO-768x762.jpg 768w\" sizes=\"auto, (max-width: 918px) 100vw, 918px\" \/><\/a><\/figure>\n\n\n\n<p class=\"has-text-align-center\"><strong>VASO EASYTAO<\/strong><\/p>\n\n\n\n<p>El vaso t\u00e9rmico de acero inoxidable de Easytao es una excelente opci\u00f3n para mantener tus bebidas tanto fr\u00edas como calientes durante m\u00e1s tiempo. Con una capacidad de 590ml, este vaso ofrece espacio suficiente para disfrutar de tu caf\u00e9, t\u00e9 o cualquier otra bebida, construido en acero inoxidable de alta calidad, que asegura la durabilidad y resistencia a la corrosi\u00f3n. Adem\u00e1s, cuenta con una capa de aislamiento al vac\u00edo que mantiene la temperatura de tus bebidas sin transferir calor o fr\u00edo a la parte exterior del vaso.<\/p>\n\n\n\n<p>La tapa herm\u00e9tica incluida es ideal para llevar tu vaso t\u00e9rmico de viaje sin preocuparte por derrames accidentales. Adem\u00e1s, viene con una pajita reutilizable que facilita el consumo de tus bebidas sin necesidad de abrir la tapa, tambi\u00e9n trae un cepillo de limpieza incluido, que te permite limpiar de manera eficiente tanto el vaso como la pajita. Esto es especialmente \u00fatil si sueles utilizar tu vaso t\u00e9rmico con bebidas que pueden dejar residuos, como caf\u00e9 o t\u00e9.<\/p>\n\n\n\n<div class=\"wp-block-buttons is-layout-flex wp-block-buttons-is-layout-flex\">\n<div class=\"wp-block-button\"><a class=\"wp-block-button__link wp-element-button\" href=\"https:\/\/amzn.to\/3YNFyWd\" target=\"_blank\" rel=\"noopener\">Ver producto<\/a><\/div>\n<\/div>\n<\/div>\n\n\n\n<div class=\"wp-block-column is-layout-flow wp-block-column-is-layout-flow\">\n<figure class=\"wp-block-image size-large\"><a href=\"https:\/\/amzn.to\/45mAgmU\" target=\"_blank\" rel=\"noopener\"><img loading=\"lazy\" decoding=\"async\" width=\"1024\" height=\"1006\" src=\"https:\/\/experienciasoutdoor.com.mx\/wp-content\/uploads\/2023\/08\/TERMO-GRABADO-1024x1006.jpg\" alt=\"\" class=\"wp-image-327\" srcset=\"https:\/\/experienciasoutdoor.com.mx\/wp-content\/uploads\/2023\/08\/TERMO-GRABADO-1024x1006.jpg 1024w, https:\/\/experienciasoutdoor.com.mx\/wp-content\/uploads\/2023\/08\/TERMO-GRABADO-300x295.jpg 300w, https:\/\/experienciasoutdoor.com.mx\/wp-content\/uploads\/2023\/08\/TERMO-GRABADO-768x754.jpg 768w, https:\/\/experienciasoutdoor.com.mx\/wp-content\/uploads\/2023\/08\/TERMO-GRABADO.jpg 1500w\" sizes=\"auto, (max-width: 1024px) 100vw, 1024px\" \/><\/a><\/figure>\n\n\n\n<p class=\"has-text-align-center\"><strong>TERMO PERSONALIZADO<\/strong><\/p>\n\n\n\n<p>El Termo Grabado Personalizado con Logo o con Nombre L\u00e1ser Tipo Yeti Acero Inoxidable 20oz es un producto de alta calidad y durabilidad, est\u00e1 hecho de acero inoxidable, lo que lo hace resistente a golpes y a la corrosi\u00f3n, lo que garantiza que se mantendr\u00e1 en perfectas condiciones durante mucho tiempo.<\/p>\n\n\n\n<p>Una de las caracter\u00edsticas m\u00e1s destacadas de este termo es la posibilidad de personalizarlo con un logo o un nombre grabado con l\u00e1ser. Esto lo convierte en una opci\u00f3n ideal para empresas o como regalo personalizado. El grabado l\u00e1ser ofrece un acabado preciso y detallado, lo que le da un toque elegante y profesional al termo.<\/p>\n\n\n\n<p>La capacidad de 20oz del termo es perfecta para mantener las bebidas calientes o fr\u00edas durante varias horas. Adem\u00e1s, cuenta con una tapa herm\u00e9tica que evita derrames y mantiene la temperatura de la bebida por m\u00e1s tiempo.<\/p>\n\n\n\n<div class=\"wp-block-buttons is-layout-flex wp-block-buttons-is-layout-flex\">\n<div class=\"wp-block-button\"><a class=\"wp-block-button__link wp-element-button\" href=\"https:\/\/amzn.to\/45mAgmU\" target=\"_blank\" rel=\"noopener\">Ver producto<\/a><\/div>\n<\/div>\n<\/div>\n<\/div>\n","protected":false},"excerpt":{"rendered":"<p>TERMO EASYTAO Termos como el EASYTAO es un producto de alta calidad que cumple con todas las expectativas de los usuarios, con una capacidad de 500 ml y est\u00e1 fabricada con acero inoxidable de grado alimenticio, lo que garantiza su durabilidad y resistencia puede mantener las bebidas fr\u00edas durante 6 horas y calientes durante 6 &hellip;<\/p>\n<p class=\"read-more\"> <a class=\"\" href=\"https:\/\/experienciasoutdoor.com.mx\/index.php\/termos-para-tus-caminatas\/\"> <span class=\"screen-reader-text\">Termos<\/span> Leer m\u00e1s &raquo;<\/a><\/p>\n","protected":false},"author":1,"featured_media":0,"parent":0,"menu_order":0,"comment_status":"closed","ping_status":"closed","template":"","meta":{"site-sidebar-layout":"default","site-content-layout":"default","ast-global-header-display":"","ast-banner-title-visibility":"","ast-main-header-display":"","ast-hfb-above-header-display":"","ast-hfb-below-header-display":"","ast-hfb-mobile-header-display":"","site-post-title":"","ast-breadcrumbs-content":"","ast-featured-img":"","footer-sml-layout":"","theme-transparent-header-meta":"","adv-header-id-meta":"","stick-header-meta":"","header-above-stick-meta":"","header-main-stick-meta":"","header-below-stick-meta":"","_joinchat":[],"footnotes":""},"class_list":["post-222","page","type-page","status-publish","hentry"],"_links":{"self":[{"href":"https:\/\/experienciasoutdoor.com.mx\/index.php\/wp-json\/wp\/v2\/pages\/222","targetHints":{"allow":["GET"]}}],"collection":[{"href":"https:\/\/experienciasoutdoor.com.mx\/index.php\/wp-json\/wp\/v2\/pages"}],"about":[{"href":"https:\/\/experienciasoutdoor.com.mx\/index.php\/wp-json\/wp\/v2\/types\/page"}],"author":[{"embeddable":true,"href":"https:\/\/experienciasoutdoor.com.mx\/index.php\/wp-json\/wp\/v2\/users\/1"}],"replies":[{"embeddable":true,"href":"https:\/\/experienciasoutdoor.com.mx\/index.php\/wp-json\/wp\/v2\/comments?post=222"}],"version-history":[{"count":10,"href":"https:\/\/experienciasoutdoor.com.mx\/index.php\/wp-json\/wp\/v2\/pages\/222\/revisions"}],"predecessor-version":[{"id":467,"href":"https:\/\/experienciasoutdoor.com.mx\/index.php\/wp-json\/wp\/v2\/pages\/222\/revisions\/467"}],"wp:attachment":[{"href":"https:\/\/experienciasoutdoor.com.mx\/index.php\/wp-json\/wp\/v2\/media?parent=222"}],"curies":[{"name":"wp","href":"https:\/\/api.w.org\/{rel}","templated":true}]}}