{"id":138,"date":"2023-08-13T15:20:52","date_gmt":"2023-08-13T20:20:52","guid":{"rendered":"https:\/\/experienciasoutdoor.com.mx\/?page_id=138"},"modified":"2023-12-07T18:43:50","modified_gmt":"2023-12-08T00:43:50","slug":"mochilas-camping-tu-aliado","status":"publish","type":"page","link":"https:\/\/experienciasoutdoor.com.mx\/index.php\/mochilas-camping-tu-aliado\/","title":{"rendered":"Mochilas camping"},"content":{"rendered":"\n<div class=\"wp-block-columns is-layout-flex wp-container-core-columns-is-layout-28f84493 wp-block-columns-is-layout-flex\">\n<div class=\"wp-block-column is-layout-flow wp-block-column-is-layout-flow\">\n<figure class=\"wp-block-image size-medium is-resized\"><a href=\"https:\/\/amzn.to\/3PfHuUl\" target=\"_blank\" rel=\"noopener\"><img loading=\"lazy\" decoding=\"async\" width=\"300\" height=\"292\" src=\"https:\/\/experienciasoutdoor.com.mx\/wp-content\/uploads\/2023\/08\/MOCHILA-CAMPING-300x292.jpg\" alt=\"\" class=\"wp-image-330\" style=\"width:307px;height:300px\" srcset=\"https:\/\/experienciasoutdoor.com.mx\/wp-content\/uploads\/2023\/08\/MOCHILA-CAMPING-300x292.jpg 300w, https:\/\/experienciasoutdoor.com.mx\/wp-content\/uploads\/2023\/08\/MOCHILA-CAMPING.jpg 679w\" sizes=\"auto, (max-width: 300px) 100vw, 300px\" \/><\/a><\/figure>\n\n\n\n<p class=\"has-text-align-center\"><strong>MOCHILA CAMPING SENDERISMO<\/strong><\/p>\n\n\n\n<p>Mochilas camping, ideales para tus recorridos en contacto con la naturaleza, en este caso el material de la mochila es de alta calidad, hecho de nylon 900D resistente al agua y duradero. <\/p>\n\n\n\n<p>Esto asegura que la mochila pueda soportar las condiciones m\u00e1s dif\u00edciles durante el senderismo, como la lluvia, el viento y el desgaste diario. Adem\u00e1s, el material es f\u00e1cil de limpiar y mantener, lo cual es muy conveniente despu\u00e9s de largos d\u00edas en la naturaleza.<\/p>\n\n\n\n<p>El tama\u00f1o de 80L es perfecto para viajes largos, ya que ofrece suficiente espacio para llevar todo lo necesario, incluyendo saco de dormir, ropa, comida, equipo de cocina y otros accesorios esenciales. <\/p>\n\n\n\n<p>Adem\u00e1s, la mochila tiene m\u00faltiples compartimentos y bolsillos, lo que facilita la organizaci\u00f3n de los art\u00edculos personales y evita que se mezclen, tambi\u00e9n cuenta con un sistema de ajuste ergon\u00f3mico, que garantiza una experiencia de uso c\u00f3moda y sin molestias en la espalda y los hombros. Los tirantes son acolchados y ajustables, lo que permite distribuir correctamente el peso y evitar lesiones o tensiones innecesarias. Adem\u00e1s, la mochila tiene correas adicionales en el pecho y la cintura, que ayudan a estabilizar la carga y mantenerla en su lugar durante los movimientos r\u00e1pidos y bruscos.<\/p>\n\n\n\n<div class=\"wp-block-buttons is-layout-flex wp-block-buttons-is-layout-flex\">\n<div class=\"wp-block-button\"><a class=\"wp-block-button__link wp-element-button\" href=\"https:\/\/amzn.to\/3PfHuUl\" target=\"_blank\" rel=\"noopener\">Ver producto<\/a><\/div>\n<\/div>\n<\/div>\n\n\n\n<div class=\"wp-block-column is-layout-flow wp-block-column-is-layout-flow\">\n<figure class=\"wp-block-image size-full is-resized\"><a href=\"https:\/\/amzn.to\/489mqVW\" target=\"_blank\" rel=\"noopener\"><img loading=\"lazy\" decoding=\"async\" width=\"984\" height=\"969\" src=\"https:\/\/experienciasoutdoor.com.mx\/wp-content\/uploads\/2023\/12\/MOCHILA-CARGADOR.jpg\" alt=\"\" class=\"wp-image-533\" style=\"width:319px;height:auto\" srcset=\"https:\/\/experienciasoutdoor.com.mx\/wp-content\/uploads\/2023\/12\/MOCHILA-CARGADOR.jpg 984w, https:\/\/experienciasoutdoor.com.mx\/wp-content\/uploads\/2023\/12\/MOCHILA-CARGADOR-300x295.jpg 300w, https:\/\/experienciasoutdoor.com.mx\/wp-content\/uploads\/2023\/12\/MOCHILA-CARGADOR-768x756.jpg 768w\" sizes=\"auto, (max-width: 984px) 100vw, 984px\" \/><\/a><\/figure>\n\n\n\n<p class=\"has-text-align-center\"><strong>MOCHILA MULTIFUNCIONAL<\/strong><\/p>\n\n\n\n<p>VOICEPTT Mochila Cruzada Multifuncional para Hombre, Bolso de Pecho Impermeable con Puerto de Carga USB y de Auriculares para Senderismo, viaje, Cita, Actividades al Aire Libre<\/p>\n\n\n\n<ul class=\"wp-block-list\">\n<li>30 cm de alto x 21 cm de largo x 9 cm de ancho, es compacta y Ligera para cargar. Se puede llevar c\u00f3modamente en los hombros o en el pecho, mantenga sus manos libres.<\/li>\n\n\n\n<li>Esta mochila tiene un puerto de carga USB externo y un conector para auriculares(No incluye power bank), puede escuchar m\u00fasica en cualquier momento y en cualquier lugar. Cargue f\u00e1cilmente su tel\u00e9fono, tableta, iPad y otros dispositivos sin abrir su mochila.<\/li>\n<\/ul>\n\n\n\n<div class=\"wp-block-buttons is-layout-flex wp-block-buttons-is-layout-flex\">\n<div class=\"wp-block-button\"><a class=\"wp-block-button__link wp-element-button\" href=\"https:\/\/amzn.to\/489mqVW\" target=\"_blank\" rel=\"noopener\">Ver producto<\/a><\/div>\n<\/div>\n<\/div>\n\n\n\n<div class=\"wp-block-column is-layout-flow wp-block-column-is-layout-flow\">\n<figure class=\"wp-block-image size-full\"><a href=\"https:\/\/amzn.to\/3RyQPb1\" target=\"_blank\" rel=\"noopener\"><img loading=\"lazy\" decoding=\"async\" width=\"679\" height=\"721\" src=\"https:\/\/experienciasoutdoor.com.mx\/wp-content\/uploads\/2023\/12\/MOCHILA-TACTICA.jpg\" alt=\"\" class=\"wp-image-537\" srcset=\"https:\/\/experienciasoutdoor.com.mx\/wp-content\/uploads\/2023\/12\/MOCHILA-TACTICA.jpg 679w, https:\/\/experienciasoutdoor.com.mx\/wp-content\/uploads\/2023\/12\/MOCHILA-TACTICA-283x300.jpg 283w\" sizes=\"auto, (max-width: 679px) 100vw, 679px\" \/><\/a><\/figure>\n\n\n\n<p class=\"has-text-align-center\"><strong>MOCHILA TACTICA MILITAR<\/strong><\/p>\n\n\n\n<p>Mochilas camping, Mochila Tactica, Bolsa Tactica Militar Impermeable <\/p>\n\n\n\n<p>GRAN CAPACIDAD: La mochila cuenta con una capacidad de 48 litros y dimensiones de 11.8 x 11.8 x 20 pulgadas, con numerosos compartimentos para un excelente almacenamiento: dos bolsillos delanteros para objetos peque\u00f1os, dos compartimentos grandes con bolsillo incorporado con cremallera y bolsillo de malla para suministros importantes y voluminosos.<\/p>\n\n\n\n<p> Un compartimento dedicado para port\u00e1til\/dispositivo, y un bolsillo trasero oculto para art\u00edculos de uso frecuente. Adem\u00e1s, su apertura de 180 grados facilita el embalaje\/desembalaje de los objetos.<\/p>\n\n\n\n<div class=\"wp-block-buttons is-layout-flex wp-block-buttons-is-layout-flex\">\n<div class=\"wp-block-button\"><a class=\"wp-block-button__link wp-element-button\" href=\"https:\/\/amzn.to\/3RyQPb1\" target=\"_blank\" rel=\"noopener\">Ver producto<\/a><\/div>\n<\/div>\n<\/div>\n<\/div>\n","protected":false},"excerpt":{"rendered":"<p>MOCHILA CAMPING SENDERISMO Mochilas camping, ideales para tus recorridos en contacto con la naturaleza, en este caso el material de la mochila es de alta calidad, hecho de nylon 900D resistente al agua y duradero. Esto asegura que la mochila pueda soportar las condiciones m\u00e1s dif\u00edciles durante el senderismo, como la lluvia, el viento y &hellip;<\/p>\n<p class=\"read-more\"> <a class=\"\" href=\"https:\/\/experienciasoutdoor.com.mx\/index.php\/mochilas-camping-tu-aliado\/\"> <span class=\"screen-reader-text\">Mochilas camping<\/span> Leer m\u00e1s &raquo;<\/a><\/p>\n","protected":false},"author":1,"featured_media":0,"parent":0,"menu_order":0,"comment_status":"closed","ping_status":"closed","template":"","meta":{"site-sidebar-layout":"default","site-content-layout":"default","ast-global-header-display":"","ast-banner-title-visibility":"","ast-main-header-display":"","ast-hfb-above-header-display":"","ast-hfb-below-header-display":"","ast-hfb-mobile-header-display":"","site-post-title":"","ast-breadcrumbs-content":"","ast-featured-img":"","footer-sml-layout":"","theme-transparent-header-meta":"","adv-header-id-meta":"","stick-header-meta":"","header-above-stick-meta":"","header-main-stick-meta":"","header-below-stick-meta":"","_joinchat":[],"footnotes":""},"class_list":["post-138","page","type-page","status-publish","hentry"],"_links":{"self":[{"href":"https:\/\/experienciasoutdoor.com.mx\/index.php\/wp-json\/wp\/v2\/pages\/138","targetHints":{"allow":["GET"]}}],"collection":[{"href":"https:\/\/experienciasoutdoor.com.mx\/index.php\/wp-json\/wp\/v2\/pages"}],"about":[{"href":"https:\/\/experienciasoutdoor.com.mx\/index.php\/wp-json\/wp\/v2\/types\/page"}],"author":[{"embeddable":true,"href":"https:\/\/experienciasoutdoor.com.mx\/index.php\/wp-json\/wp\/v2\/users\/1"}],"replies":[{"embeddable":true,"href":"https:\/\/experienciasoutdoor.com.mx\/index.php\/wp-json\/wp\/v2\/comments?post=138"}],"version-history":[{"count":13,"href":"https:\/\/experienciasoutdoor.com.mx\/index.php\/wp-json\/wp\/v2\/pages\/138\/revisions"}],"predecessor-version":[{"id":543,"href":"https:\/\/experienciasoutdoor.com.mx\/index.php\/wp-json\/wp\/v2\/pages\/138\/revisions\/543"}],"wp:attachment":[{"href":"https:\/\/experienciasoutdoor.com.mx\/index.php\/wp-json\/wp\/v2\/media?parent=138"}],"curies":[{"name":"wp","href":"https:\/\/api.w.org\/{rel}","templated":true}]}}