{"id":129,"date":"2023-08-13T15:06:52","date_gmt":"2023-08-13T20:06:52","guid":{"rendered":"https:\/\/experienciasoutdoor.com.mx\/?page_id=129"},"modified":"2024-01-09T18:57:02","modified_gmt":"2024-01-10T00:57:02","slug":"tienda-de-campana-del-mes","status":"publish","type":"page","link":"https:\/\/experienciasoutdoor.com.mx\/index.php\/tienda-de-campana-del-mes\/","title":{"rendered":"Ofertas"},"content":{"rendered":"\n<div class=\"wp-block-columns is-layout-flex wp-container-core-columns-is-layout-28f84493 wp-block-columns-is-layout-flex\">\n<div class=\"wp-block-column is-layout-flow wp-block-column-is-layout-flow\">\n<p class=\"has-text-align-center\"><strong>BASTONES DE SENDERISMO<\/strong><\/p>\n\n\n\n<p class=\"has-text-align-center has-vivid-red-color has-text-color\"><strong>AMZATEK 16pack Bastones De Senderismo Plegables para Hombre, multifuncionales<\/strong><\/p>\n\n\n\n<figure class=\"wp-block-image size-full is-resized\"><a href=\"https:\/\/amzn.to\/3umP33w\" target=\"_blank\" rel=\"noopener\"><img loading=\"lazy\" decoding=\"async\" width=\"982\" height=\"982\" src=\"https:\/\/experienciasoutdoor.com.mx\/wp-content\/uploads\/2023\/11\/BASTONES-SENDERISMO-BUEN-FIN.jpg\" alt=\"\" class=\"wp-image-516\" style=\"width:290px;height:auto\" srcset=\"https:\/\/experienciasoutdoor.com.mx\/wp-content\/uploads\/2023\/11\/BASTONES-SENDERISMO-BUEN-FIN.jpg 982w, https:\/\/experienciasoutdoor.com.mx\/wp-content\/uploads\/2023\/11\/BASTONES-SENDERISMO-BUEN-FIN-300x300.jpg 300w, https:\/\/experienciasoutdoor.com.mx\/wp-content\/uploads\/2023\/11\/BASTONES-SENDERISMO-BUEN-FIN-150x150.jpg 150w, https:\/\/experienciasoutdoor.com.mx\/wp-content\/uploads\/2023\/11\/BASTONES-SENDERISMO-BUEN-FIN-768x768.jpg 768w\" sizes=\"auto, (max-width: 982px) 100vw, 982px\" \/><\/a><\/figure>\n\n\n\n<p class=\"has-text-align-center\"><strong> <\/strong><\/p>\n\n\n\n<p>Estos bastones de senderismo est\u00e1n fabricados con aluminio 7075 de grado aeron\u00e1utico, m\u00e1s resistente que la fibra de carbono pero con un peso de casi 4 onzas, Ajustable: se ajusta a la altura deseada en segundos, desde la altura m\u00e1xima de 54 pulgadas hasta solo 24.5 pulgadas cuando est\u00e1 completamente colapsado. Incluso se doblan como bastones de senderismo para ni\u00f1os<\/p>\n\n\n\n<div class=\"wp-block-buttons is-layout-flex wp-block-buttons-is-layout-flex\">\n<div class=\"wp-block-button\"><a class=\"wp-block-button__link wp-element-button\" href=\"https:\/\/amzn.to\/3umP33w\" target=\"_blank\" rel=\"noopener\">Ver producto<\/a><\/div>\n<\/div>\n<\/div>\n\n\n\n<div class=\"wp-block-column is-layout-flow wp-block-column-is-layout-flow\">\n<p class=\"has-text-align-center\"><strong>SILLA PLEGABLE DE CAMPISMO<\/strong><\/p>\n\n\n\n<p><strong>DQST Silla Plegable Camping, Port\u00e1til Silla de Campismo<\/strong><\/p>\n\n\n\n<figure class=\"wp-block-image size-large\"><a href=\"https:\/\/amzn.to\/47la7pz\" target=\"_blank\" rel=\"noopener\"><img loading=\"lazy\" decoding=\"async\" width=\"1024\" height=\"1003\" src=\"https:\/\/experienciasoutdoor.com.mx\/wp-content\/uploads\/2023\/11\/SILLA-PLEGABLE-BUEN-FIN-1024x1003.jpg\" alt=\"\" class=\"wp-image-517\" srcset=\"https:\/\/experienciasoutdoor.com.mx\/wp-content\/uploads\/2023\/11\/SILLA-PLEGABLE-BUEN-FIN-1024x1003.jpg 1024w, https:\/\/experienciasoutdoor.com.mx\/wp-content\/uploads\/2023\/11\/SILLA-PLEGABLE-BUEN-FIN-300x294.jpg 300w, https:\/\/experienciasoutdoor.com.mx\/wp-content\/uploads\/2023\/11\/SILLA-PLEGABLE-BUEN-FIN-768x752.jpg 768w, https:\/\/experienciasoutdoor.com.mx\/wp-content\/uploads\/2023\/11\/SILLA-PLEGABLE-BUEN-FIN.jpg 1103w\" sizes=\"auto, (max-width: 1024px) 100vw, 1024px\" \/><\/a><\/figure>\n\n\n\n<p>Esta silla para adulto viene en una bolsa de almacenamiento de 37x13x10cm y pesa solo 926g. En comparaci\u00f3n con la tradicional Silla de Campismo, es m\u00e1s ligera y ocupa menos espacio. est\u00e1 hecho de aleaci\u00f3n de aluminio de alta resistencia, la tela est\u00e1 hecha de tela oxford fuerte y resistente al desgaste, y el dise\u00f1o de curva de malla es transpirable y c\u00f3modo, que es ergon\u00f3mico. Puede soportar un peso de 125KG.<\/p>\n\n\n\n<div class=\"wp-block-buttons is-layout-flex wp-block-buttons-is-layout-flex\">\n<div class=\"wp-block-button\"><a class=\"wp-block-button__link wp-element-button\" href=\"https:\/\/amzn.to\/47la7pz\" target=\"_blank\" rel=\"noopener\">Ver producto<\/a><\/div>\n<\/div>\n<\/div>\n\n\n\n<div class=\"wp-block-column is-layout-flow wp-block-column-is-layout-flow\">\n<p class=\"has-text-align-center\"><strong>CASA DE CAMPA\u00d1A PORTATIL<\/strong><\/p>\n\n\n\n<p><strong>Bluelander Casa de Campa\u00f1a Port\u00e1til para 3 \u00f3 4 Personas, Carpa Familiar<\/strong><\/p>\n\n\n\n<figure class=\"wp-block-image size-large is-resized\"><a href=\"https:\/\/amzn.to\/3uiHPxn\" target=\"_blank\" rel=\"noopener\"><img loading=\"lazy\" decoding=\"async\" width=\"1024\" height=\"991\" src=\"https:\/\/experienciasoutdoor.com.mx\/wp-content\/uploads\/2023\/11\/TIENDA-DE-CAMPANA-BUEN-FIN-1024x991.jpg\" alt=\"\" class=\"wp-image-521\" style=\"width:323px;height:auto\" srcset=\"https:\/\/experienciasoutdoor.com.mx\/wp-content\/uploads\/2023\/11\/TIENDA-DE-CAMPANA-BUEN-FIN-1024x991.jpg 1024w, https:\/\/experienciasoutdoor.com.mx\/wp-content\/uploads\/2023\/11\/TIENDA-DE-CAMPANA-BUEN-FIN-300x290.jpg 300w, https:\/\/experienciasoutdoor.com.mx\/wp-content\/uploads\/2023\/11\/TIENDA-DE-CAMPANA-BUEN-FIN-768x743.jpg 768w, https:\/\/experienciasoutdoor.com.mx\/wp-content\/uploads\/2023\/11\/TIENDA-DE-CAMPANA-BUEN-FIN.jpg 1500w\" sizes=\"auto, (max-width: 1024px) 100vw, 1024px\" \/><\/a><\/figure>\n\n\n\n<p>PR\u00c1CTICA, F\u00c1CIL DE USAR Y R\u00c1PIDA DE INSTALAR. La carpa desplegable est\u00e1 dise\u00f1ada con un sistema autom\u00e1tico que simplifica los pasos de instalaci\u00f3n, gracias a esto, montar y desmontar la tienda se convierte en una tarea r\u00e1pida y sencilla, RESISTENTE AL AGUA Y A PRUEBA DE INSECTOS] Los postes robustos de fibra de vidrio est\u00e1n dise\u00f1ados para resistir el viento y son extra\u00edbles, la lona exterior de la tienda est\u00e1 fabricada con poli\u00e9ster 190T y la parte inferior est\u00e1 hecha de tela Oxford 210D<\/p>\n\n\n\n<div class=\"wp-block-buttons is-layout-flex wp-block-buttons-is-layout-flex\">\n<div class=\"wp-block-button\"><a class=\"wp-block-button__link wp-element-button\" href=\"https:\/\/amzn.to\/3uiHPxn\" target=\"_blank\" rel=\"noopener\">Ver Producto<\/a><\/div>\n<\/div>\n<\/div>\n<\/div>\n\n\n\n<div class=\"wp-block-columns is-layout-flex wp-container-core-columns-is-layout-28f84493 wp-block-columns-is-layout-flex\">\n<div class=\"wp-block-column is-layout-flow wp-block-column-is-layout-flow\">\n<p class=\"has-text-align-center\"><strong>BOTA DE SENDERISMO<\/strong><\/p>\n\n\n\n<p><strong>INC\u00d3GNITA Discovery Bota para Mujer Camping Hiking Textil Ocean C\u00f3moda 124D00<\/strong><\/p>\n\n\n\n<figure class=\"wp-block-image size-full\"><a href=\"https:\/\/amzn.to\/3sy0vZF\" target=\"_blank\" rel=\"noopener\"><img loading=\"lazy\" decoding=\"async\" width=\"645\" height=\"500\" src=\"https:\/\/experienciasoutdoor.com.mx\/wp-content\/uploads\/2023\/11\/BOTA-SENDERISMO-DE-MUJER-BUEN-FIN.jpg\" alt=\"\" class=\"wp-image-526\" srcset=\"https:\/\/experienciasoutdoor.com.mx\/wp-content\/uploads\/2023\/11\/BOTA-SENDERISMO-DE-MUJER-BUEN-FIN.jpg 645w, https:\/\/experienciasoutdoor.com.mx\/wp-content\/uploads\/2023\/11\/BOTA-SENDERISMO-DE-MUJER-BUEN-FIN-300x233.jpg 300w\" sizes=\"auto, (max-width: 645px) 100vw, 645px\" \/><\/a><\/figure>\n<\/div>\n\n\n\n<div class=\"wp-block-column is-layout-flow wp-block-column-is-layout-flow\"><\/div>\n\n\n\n<div class=\"wp-block-column is-layout-flow wp-block-column-is-layout-flow\"><\/div>\n<\/div>\n","protected":false},"excerpt":{"rendered":"<p>BASTONES DE SENDERISMO AMZATEK 16pack Bastones De Senderismo Plegables para Hombre, multifuncionales Estos bastones de senderismo est\u00e1n fabricados con aluminio 7075 de grado aeron\u00e1utico, m\u00e1s resistente que la fibra de carbono pero con un peso de casi 4 onzas, Ajustable: se ajusta a la altura deseada en segundos, desde la altura m\u00e1xima de 54 pulgadas &hellip;<\/p>\n<p class=\"read-more\"> <a class=\"\" href=\"https:\/\/experienciasoutdoor.com.mx\/index.php\/tienda-de-campana-del-mes\/\"> <span class=\"screen-reader-text\">Ofertas<\/span> Leer m\u00e1s &raquo;<\/a><\/p>\n","protected":false},"author":1,"featured_media":0,"parent":0,"menu_order":0,"comment_status":"closed","ping_status":"closed","template":"","meta":{"site-sidebar-layout":"default","site-content-layout":"default","ast-global-header-display":"","ast-banner-title-visibility":"","ast-main-header-display":"","ast-hfb-above-header-display":"","ast-hfb-below-header-display":"","ast-hfb-mobile-header-display":"","site-post-title":"","ast-breadcrumbs-content":"","ast-featured-img":"","footer-sml-layout":"","theme-transparent-header-meta":"","adv-header-id-meta":"","stick-header-meta":"","header-above-stick-meta":"","header-main-stick-meta":"","header-below-stick-meta":"","_joinchat":[],"footnotes":""},"class_list":["post-129","page","type-page","status-publish","hentry"],"_links":{"self":[{"href":"https:\/\/experienciasoutdoor.com.mx\/index.php\/wp-json\/wp\/v2\/pages\/129","targetHints":{"allow":["GET"]}}],"collection":[{"href":"https:\/\/experienciasoutdoor.com.mx\/index.php\/wp-json\/wp\/v2\/pages"}],"about":[{"href":"https:\/\/experienciasoutdoor.com.mx\/index.php\/wp-json\/wp\/v2\/types\/page"}],"author":[{"embeddable":true,"href":"https:\/\/experienciasoutdoor.com.mx\/index.php\/wp-json\/wp\/v2\/users\/1"}],"replies":[{"embeddable":true,"href":"https:\/\/experienciasoutdoor.com.mx\/index.php\/wp-json\/wp\/v2\/comments?post=129"}],"version-history":[{"count":13,"href":"https:\/\/experienciasoutdoor.com.mx\/index.php\/wp-json\/wp\/v2\/pages\/129\/revisions"}],"predecessor-version":[{"id":558,"href":"https:\/\/experienciasoutdoor.com.mx\/index.php\/wp-json\/wp\/v2\/pages\/129\/revisions\/558"}],"wp:attachment":[{"href":"https:\/\/experienciasoutdoor.com.mx\/index.php\/wp-json\/wp\/v2\/media?parent=129"}],"curies":[{"name":"wp","href":"https:\/\/api.w.org\/{rel}","templated":true}]}}